{"id":208,"date":"2022-03-23T13:03:52","date_gmt":"2022-03-23T13:03:52","guid":{"rendered":"https:\/\/planetazoo-torun.pl\/strona\/?page_id=208"},"modified":"2024-08-05T10:17:48","modified_gmt":"2024-08-05T10:17:48","slug":"dostawa","status":"publish","type":"page","link":"https:\/\/planetazoo-torun.pl\/index.php\/dostawa\/","title":{"rendered":"Dostawa"},"content":{"rendered":"\t\t<div data-elementor-type=\"wp-page\" data-elementor-id=\"208\" class=\"elementor elementor-208\">\n\t\t\t\t\t\t\t\t\t<section class=\"elementor-section elementor-top-section elementor-element elementor-element-7e795a3 elementor-section-height-min-height elementor-section-boxed elementor-section-height-default elementor-section-items-middle\" data-id=\"7e795a3\" data-element_type=\"section\" data-settings=\"{&quot;background_background&quot;:&quot;classic&quot;,&quot;shape_divider_bottom&quot;:&quot;arrow&quot;}\">\n\t\t\t\t\t\t\t<div class=\"elementor-background-overlay\"><\/div>\n\t\t\t\t\t\t<div class=\"elementor-shape elementor-shape-bottom\" data-negative=\"false\">\n\t\t\t<svg xmlns=\"http:\/\/www.w3.org\/2000\/svg\" viewBox=\"0 0 700 10\" preserveAspectRatio=\"none\">\n\t<path class=\"elementor-shape-fill\" d=\"M350,10L340,0h20L350,10z\"\/>\n<\/svg>\t\t<\/div>\n\t\t\t\t\t<div class=\"elementor-container elementor-column-gap-default\">\n\t\t\t\t\t<div class=\"elementor-column elementor-col-100 elementor-top-column elementor-element elementor-element-74ba6236\" data-id=\"74ba6236\" data-element_type=\"column\">\n\t\t\t<div class=\"elementor-widget-wrap elementor-element-populated\">\n\t\t\t\t\t\t\t\t<div class=\"elementor-element elementor-element-3780341d elementor-invisible elementor-widget elementor-widget-heading\" data-id=\"3780341d\" data-element_type=\"widget\" data-settings=\"{&quot;_animation&quot;:&quot;fadeInUp&quot;}\" data-widget_type=\"heading.default\">\n\t\t\t\t<div class=\"elementor-widget-container\">\n\t\t\t<h1 class=\"elementor-heading-title elementor-size-default\">Dostawa<\/h1>\t\t<\/div>\n\t\t\t\t<\/div>\n\t\t\t\t\t<\/div>\n\t\t<\/div>\n\t\t\t\t\t\t\t<\/div>\n\t\t<\/section>\n\t\t\t\t<section class=\"elementor-section elementor-top-section elementor-element elementor-element-18e14168 elementor-section-boxed elementor-section-height-default elementor-section-height-default\" data-id=\"18e14168\" data-element_type=\"section\">\n\t\t\t\t\t\t<div class=\"elementor-container elementor-column-gap-default\">\n\t\t\t\t\t<div class=\"elementor-column elementor-col-50 elementor-top-column elementor-element elementor-element-43517d51\" data-id=\"43517d51\" data-element_type=\"column\">\n\t\t\t<div class=\"elementor-widget-wrap elementor-element-populated\">\n\t\t\t\t\t\t\t\t<div class=\"elementor-element elementor-element-3ff9dd3c elementor-widget elementor-widget-image\" data-id=\"3ff9dd3c\" data-element_type=\"widget\" data-widget_type=\"image.default\">\n\t\t\t\t<div class=\"elementor-widget-container\">\n\t\t\t\t\t\t\t\t\t\t\t\t\t\t\t<img loading=\"lazy\" decoding=\"async\" width=\"768\" height=\"768\" src=\"https:\/\/planetazoo-torun.pl\/wp-content\/uploads\/2024\/02\/kotdostawca-1-768x768.jpg\" class=\"attachment-medium_large size-medium_large wp-image-646\" alt=\"\" srcset=\"https:\/\/planetazoo-torun.pl\/wp-content\/uploads\/2024\/02\/kotdostawca-1-768x768.jpg 768w, https:\/\/planetazoo-torun.pl\/wp-content\/uploads\/2024\/02\/kotdostawca-1-300x300.jpg 300w, https:\/\/planetazoo-torun.pl\/wp-content\/uploads\/2024\/02\/kotdostawca-1-1024x1024.jpg 1024w, https:\/\/planetazoo-torun.pl\/wp-content\/uploads\/2024\/02\/kotdostawca-1-150x150.jpg 150w, https:\/\/planetazoo-torun.pl\/wp-content\/uploads\/2024\/02\/kotdostawca-1.jpg 1536w\" sizes=\"auto, (max-width: 768px) 100vw, 768px\" \/>\t\t\t\t\t\t\t\t\t\t\t\t\t\t\t<\/div>\n\t\t\t\t<\/div>\n\t\t\t\t\t<\/div>\n\t\t<\/div>\n\t\t\t\t<div class=\"elementor-column elementor-col-50 elementor-top-column elementor-element elementor-element-368b5bc8\" data-id=\"368b5bc8\" data-element_type=\"column\">\n\t\t\t<div class=\"elementor-widget-wrap elementor-element-populated\">\n\t\t\t\t\t\t\t\t<div class=\"elementor-element elementor-element-4fddee7a elementor-widget elementor-widget-heading\" data-id=\"4fddee7a\" data-element_type=\"widget\" data-widget_type=\"heading.default\">\n\t\t\t\t<div class=\"elementor-widget-container\">\n\t\t\t<h6 class=\"elementor-heading-title elementor-size-default\">Dostawa<\/h6>\t\t<\/div>\n\t\t\t\t<\/div>\n\t\t\t\t<div class=\"elementor-element elementor-element-26f834d9 elementor-widget elementor-widget-heading\" data-id=\"26f834d9\" data-element_type=\"widget\" data-widget_type=\"heading.default\">\n\t\t\t\t<div class=\"elementor-widget-container\">\n\t\t\t<h2 class=\"elementor-heading-title elementor-size-default\">Wychodzimy naprzeciw  oczekiwaniom naszych klient\u00f3w!<\/h2>\t\t<\/div>\n\t\t\t\t<\/div>\n\t\t\t\t<div class=\"elementor-element elementor-element-c272454 elementor-widget__width-initial elementor-widget elementor-widget-text-editor\" data-id=\"c272454\" data-element_type=\"widget\" data-widget_type=\"text-editor.default\">\n\t\t\t\t<div class=\"elementor-widget-container\">\n\t\t\t\t\t\t\t<p>Rozpieszcz swojego pupila bez wychodzenia z domu!<\/p><p>Zakupy na telefon \u2013 tylko u nas!<\/p><p>Zadzwo\u0144 do nas, z\u0142\u00f3\u017c zam\u00f3wienie i czekaj na przyjazd naszego Planetobusa \ud83d\ude42 <br \/>Termin dostawy ustalamy indywidualnie, zgodnie z dost\u0119pno\u015bci\u0105 towar\u00f3w i kierowcy.<\/p><p>Dostawa dost\u0119pna\u00a0tylko\u00a0na terenie Torunia.<\/p><p>Dostawa przy zakupach powy\u017cej 100 z\u0142 jest darmowa. Zakupy poni\u017cej 100 z\u0142 &#8211; dostawa 10 z\u0142.<\/p><p><i class=\"fas fa-phone\" aria-hidden=\"true\"><\/i> <a style=\"color: #7a7a7a; text-decoration: underline;\" href=\"tel:517348737\">tel. 517 348 737<\/a><span style=\"font-size: 1rem;\">\u00a0 &#8211; \u017bwirki i Wigury<\/span><br \/><i class=\"fas fa-phone\" aria-hidden=\"true\"><\/i> <a style=\"color: #7a7a7a; text-decoration: underline;\" href=\"tel:500715774\"><span style=\"font-size: 1rem;\">tel. 500 715 774<\/span><\/a>\u00a0 &#8211; Szosa Lubicka<br \/><i class=\"fas fa-phone\" aria-hidden=\"true\"><\/i> <a style=\"color: #7a7a7a; text-decoration: underline;\" href=\"tel:786666558\"> tel. 786 666 558<\/a> &#8211; Przy Kaszowniku<\/p>\t\t\t\t\t\t<\/div>\n\t\t\t\t<\/div>\n\t\t\t\t\t<\/div>\n\t\t<\/div>\n\t\t\t\t\t\t\t<\/div>\n\t\t<\/section>\n\t\t\t\t\t\t\t<\/div>\n\t\t","protected":false},"excerpt":{"rendered":"<p>Dostawa Dostawa Wychodzimy naprzeciw oczekiwaniom naszych klient\u00f3w! Rozpieszcz swojego pupila bez wychodzenia z domu! Zakupy na telefon \u2013 tylko u nas! Zadzwo\u0144 do nas, z\u0142\u00f3\u017c zam\u00f3wienie i czekaj na przyjazd naszego Planetobusa \ud83d\ude42 Termin dostawy ustalamy indywidualnie, zgodnie z dost\u0119pno\u015bci\u0105 towar\u00f3w i kierowcy. Dostawa dost\u0119pna\u00a0tylko\u00a0na terenie Torunia. Dostawa przy zakupach powy\u017cej 100 z\u0142 jest darmowa. [&hellip;]<\/p>\n","protected":false},"author":1,"featured_media":0,"parent":0,"menu_order":0,"comment_status":"closed","ping_status":"closed","template":"","meta":{"footnotes":""},"class_list":["post-208","page","type-page","status-publish","hentry"],"_links":{"self":[{"href":"https:\/\/planetazoo-torun.pl\/index.php\/wp-json\/wp\/v2\/pages\/208","targetHints":{"allow":["GET"]}}],"collection":[{"href":"https:\/\/planetazoo-torun.pl\/index.php\/wp-json\/wp\/v2\/pages"}],"about":[{"href":"https:\/\/planetazoo-torun.pl\/index.php\/wp-json\/wp\/v2\/types\/page"}],"author":[{"embeddable":true,"href":"https:\/\/planetazoo-torun.pl\/index.php\/wp-json\/wp\/v2\/users\/1"}],"replies":[{"embeddable":true,"href":"https:\/\/planetazoo-torun.pl\/index.php\/wp-json\/wp\/v2\/comments?post=208"}],"version-history":[{"count":45,"href":"https:\/\/planetazoo-torun.pl\/index.php\/wp-json\/wp\/v2\/pages\/208\/revisions"}],"predecessor-version":[{"id":745,"href":"https:\/\/planetazoo-torun.pl\/index.php\/wp-json\/wp\/v2\/pages\/208\/revisions\/745"}],"wp:attachment":[{"href":"https:\/\/planetazoo-torun.pl\/index.php\/wp-json\/wp\/v2\/media?parent=208"}],"curies":[{"name":"wp","href":"https:\/\/api.w.org\/{rel}","templated":true}]}}